{"id":321,"date":"2024-09-05T14:09:50","date_gmt":"2024-09-05T14:09:50","guid":{"rendered":"https:\/\/estudiomelic.es\/?page_id=321"},"modified":"2026-01-28T21:14:55","modified_gmt":"2026-01-28T21:14:55","slug":"horarios","status":"publish","type":"page","link":"https:\/\/estudiomelic.es\/en\/horarios\/","title":{"rendered":"Horarios"},"content":{"rendered":"<div id=\"fws_69f4bc159d10e\"  data-column-margin=\"default\" data-midnight=\"light\" data-top-percent=\"6%\" data-bottom-percent=\"6%\"  class=\"wpb_row vc_row-fluid vc_row full-width-content vc_row-o-equal-height vc_row-flex vc_row-o-content-top  right_padding_9pct left_padding_9pct top_padding_tablet_10pct top_padding_phone_15pct\"  style=\"padding-top: calc(100vw * 0.06); padding-bottom: calc(100vw * 0.06); \"><div class=\"row-bg-wrap\" data-bg-animation=\"none\" data-bg-animation-delay=\"\" data-bg-overlay=\"false\"><div class=\"inner-wrap row-bg-layer\" ><div class=\"row-bg viewport-desktop using-bg-color\"  style=\"background-color: #5e29b2; \"><\/div><\/div><\/div><div class=\"row_col_wrap_12 col span_12 light left\">\n\t<div  class=\"vc_col-sm-12 wpb_column column_container vc_column_container col no-extra-padding inherit_tablet inherit_phone\"  data-padding-pos=\"all\" data-has-bg-color=\"false\" data-bg-color=\"\" data-bg-opacity=\"1\" data-animation=\"\" data-delay=\"0\" >\n\t\t<div class=\"vc_column-inner\" >\n\t\t\t<div class=\"wpb_wrapper\">\n\t\t\t\t<div id=\"fws_69f4bc15a3d8c\" data-midnight=\"\" data-column-margin=\"50px\" class=\"wpb_row vc_row-fluid vc_row inner_row  row_position_absolute right_position_desktop_0px rotate_desktop_0deg translate_y_-200px translate_x_0px translate_x_tablet_150px\"  style=\" z-index: 1;\"><div class=\"row-bg-wrap\"> <div class=\"row-bg\" ><\/div> <\/div><div class=\"row_col_wrap_12_inner col span_12  left\">\n\t<div  class=\"vc_col-sm-12 vc_hidden-sm vc_hidden-xs wpb_column column_container vc_column_container col child_column centered-text no-extra-padding force-desktop-text-align-center inherit_tablet inherit_phone translate_x_tablet_200px translate_x_phone_60px translate_y_tablet_150px translate_y_phone_250px\"   data-padding-pos=\"all\" data-has-bg-color=\"false\" data-bg-color=\"\" data-bg-opacity=\"1\" data-animation=\"\" data-delay=\"0\" >\n\t\t<div class=\"vc_column-inner\" style=\"transform:  translateY(300px) translateX(100px);\">\n\t\t<div class=\"wpb_wrapper\">\n\t\t\t<div class=\"nectar-animated-shape width_desktop_4vw width_tablet_8vw width_phone_15vw position_desktop_absolute left_position_desktop_50pct translate_x_desktop_-50pct\"><div class=\"nectar-animated-shape__inner_wrap nectar-waypoint-el\" data-nectar-waypoint-el-delay=\"100\" data-easing=\"default\" data-animation=\"grow-in\"><div class=\"nectar-animated-shape__inner nectar-el-parallax-scroll\"data-scroll-animation=\"true\" data-scroll-animation-movement=\"transform_y\" data-scroll-animation-mobile=\"true\" data-scroll-animation-intensity=\"4\" ><svg xmlns=\"http:\/\/www.w3.org\/2000\/svg\" viewbox=\"0 0 100 100\" width=\"100\" height=\"100\" preserveaspectratio=\"xMidYMid meet\" style=\"width: 100%; height: 100%; overflow: hidden;\"><circle cx=\"50\" cy=\"50\" r=\"50\" fill=\"#00b689\" \/><\/svg><\/div><\/div><\/div><div class=\"nectar-animated-shape width_desktop_8vw width_tablet_16vw width_phone_26vw position_desktop_absolute left_position_desktop_50pct translate_y_desktop_90px translate_y_tablet_130px translate_x_desktop_-50pct\"><div class=\"nectar-animated-shape__inner_wrap nectar-waypoint-el\" data-nectar-waypoint-el-delay=\"200\" data-easing=\"default\" data-animation=\"grow-in\"><div class=\"nectar-animated-shape__inner nectar-el-parallax-scroll\"data-scroll-animation=\"true\" data-scroll-animation-movement=\"transform_y\" data-scroll-animation-mobile=\"true\" data-scroll-animation-intensity=\"3\" ><svg xmlns=\"http:\/\/www.w3.org\/2000\/svg\" viewbox=\"0 0 100 100\" width=\"100\" height=\"100\" preserveaspectratio=\"xMidYMid meet\" style=\"width: 100%; height: 100%; overflow: hidden;\"><circle cx=\"50\" cy=\"50\" r=\"50\" fill=\"#00b689\" \/><\/svg><\/div><\/div><\/div><div class=\"nectar-animated-shape width_desktop_15vw width_tablet_20vw width_phone_40vw position_desktop_absolute left_position_desktop_50pct translate_y_desktop_250px translate_x_desktop_-50pct\"><div class=\"nectar-animated-shape__inner_wrap nectar-waypoint-el\" data-nectar-waypoint-el-offset=\"600\" data-easing=\"default\" data-animation=\"grow-in\"><div class=\"nectar-animated-shape__inner nectar-el-parallax-scroll\"data-scroll-animation=\"true\" data-scroll-animation-movement=\"transform_y\" data-scroll-animation-mobile=\"true\" data-scroll-animation-intensity=\"2\" ><svg xmlns=\"http:\/\/www.w3.org\/2000\/svg\" viewbox=\"0 0 100 100\" width=\"100\" height=\"100\" preserveaspectratio=\"xMidYMid meet\" style=\"width: 100%; height: 100%; overflow: hidden;\"><circle cx=\"50\" cy=\"50\" r=\"50\" fill=\"#00b689\" \/><\/svg><\/div><\/div><\/div>\n\t\t<\/div> \n\t<\/div>\n\t<\/div> \n<\/div><\/div><div class=\"nectar-split-heading  font_size_5-6vw font_size_tablet_9vw font_size_phone_12vw font_line_height_1-2\" data-align=\"default\" data-m-align=\"inherit\" data-text-effect=\"letter-reveal-bottom\" data-animation-type=\"line-reveal-by-space\" data-animation-delay=\"0\" data-animation-offset=\"\" data-m-rm-animation=\"\" data-stagger=\"\" data-custom-font-size=\"true\" style=\"font-size: 5.6vw; line-height: 6.16vw;\"><h1 >Horarios<\/h1><\/div><div class=\"img-with-aniamtion-wrap center custom-size\" data-max-width=\"100%\" data-max-width-mobile=\"default\" data-shadow=\"none\" data-animation=\"none\" >\n      <div class=\"inner\">\n        <div class=\"hover-wrap\"> \n          <div class=\"hover-wrap-inner\">\n            <img loading=\"lazy\" decoding=\"async\" class=\"img-with-animation skip-lazy\" data-delay=\"0\" height=\"960\" width=\"768\" data-animation=\"none\" src=\"https:\/\/estudiomelic.es\/wp-content\/uploads\/2026\/01\/HORARIO-MELIC-2526-BORRADOR-1-2-768x960.jpg\" alt=\"Estudio de Pilates Valencia, Horario clases de pilates 2025 \/ 2026\" srcset=\"https:\/\/estudiomelic.es\/wp-content\/uploads\/2026\/01\/HORARIO-MELIC-2526-BORRADOR-1-2-768x960.jpg 768w, https:\/\/estudiomelic.es\/wp-content\/uploads\/2026\/01\/HORARIO-MELIC-2526-BORRADOR-1-2-240x300.jpg 240w, https:\/\/estudiomelic.es\/wp-content\/uploads\/2026\/01\/HORARIO-MELIC-2526-BORRADOR-1-2-819x1024.jpg 819w, https:\/\/estudiomelic.es\/wp-content\/uploads\/2026\/01\/HORARIO-MELIC-2526-BORRADOR-1-2-1229x1536.jpg 1229w, https:\/\/estudiomelic.es\/wp-content\/uploads\/2026\/01\/HORARIO-MELIC-2526-BORRADOR-1-2-1638x2048.jpg 1638w, https:\/\/estudiomelic.es\/wp-content\/uploads\/2026\/01\/HORARIO-MELIC-2526-BORRADOR-1-2-10x12.jpg 10w, https:\/\/estudiomelic.es\/wp-content\/uploads\/2026\/01\/HORARIO-MELIC-2526-BORRADOR-1-2-scaled.jpg 2048w\" sizes=\"auto, (max-width: 768px) 100vw, 768px\" \/>\n          <\/div>\n        <\/div>\n      <\/div>\n    <\/div><div class=\"img-with-aniamtion-wrap center custom-width-68pct custom-width-tablet-100pct custom-width-phone-100pct\" data-max-width=\"custom\" data-max-width-mobile=\"default\" data-shadow=\"none\" data-animation=\"none\" >\n      <div class=\"inner\">\n        <div class=\"hover-wrap\"> \n          <div class=\"hover-wrap-inner\">\n            <img loading=\"lazy\" decoding=\"async\" class=\"img-with-animation skip-lazy\" data-delay=\"0\" height=\"100\" width=\"100\" data-animation=\"none\" src=\"\" alt=\"\"  \/>\n          <\/div>\n        <\/div>\n      <\/div>\n    <\/div>\n\t\t\t<\/div> \n\t\t<\/div>\n\t<\/div> \n<\/div><\/div>\n\t\t<div id=\"fws_69f4bc15a5f58\"  data-column-margin=\"default\" data-midnight=\"light\" data-top-percent=\"6%\" data-bottom-percent=\"6%\"  class=\"wpb_row vc_row-fluid vc_row full-width-content vc_row-o-equal-height vc_row-flex vc_row-o-content-top  right_padding_9pct left_padding_9pct\"  style=\"padding-top: calc(100vw * 0.06); padding-bottom: calc(100vw * 0.06); \"><div class=\"row-bg-wrap\" data-bg-animation=\"none\" data-bg-animation-delay=\"\" data-bg-overlay=\"false\"><div class=\"inner-wrap row-bg-layer\" ><div class=\"row-bg viewport-desktop using-bg-color\"  style=\"background-color: #5e29b2; \"><\/div><\/div><\/div><div class=\"row_col_wrap_12 col span_12 light left\">\n\t<div  class=\"vc_col-sm-12 wpb_column column_container vc_column_container col no-extra-padding inherit_tablet inherit_phone\"  data-padding-pos=\"all\" data-has-bg-color=\"false\" data-bg-color=\"\" data-bg-opacity=\"1\" data-animation=\"\" data-delay=\"0\" >\n\t\t<div class=\"vc_column-inner\" >\n\t\t\t<div class=\"wpb_wrapper\">\n\t\t\t\t<div id=\"fws_69f4bc15a6244\" data-midnight=\"\" data-column-margin=\"default\" class=\"wpb_row vc_row-fluid vc_row inner_row  row_position_absolute top_position_desktop_0pct left_position_desktop_50pct translate_y_-65pct\"  style=\" z-index: -1;\"><div class=\"row-bg-wrap\"> <div class=\"row-bg\" ><\/div> <\/div><div class=\"row_col_wrap_12_inner col span_12  left\">\n\t<div  class=\"vc_col-sm-3 wpb_column column_container vc_column_container col child_column no-extra-padding inherit_tablet inherit_phone\"   data-padding-pos=\"all\" data-has-bg-color=\"false\" data-bg-color=\"\" data-bg-opacity=\"1\" data-animation=\"\" data-delay=\"0\" >\n\t\t<div class=\"vc_column-inner\" >\n\t\t<div class=\"wpb_wrapper\">\n\t\t\t\n\t\t<\/div> \n\t<\/div>\n\t<\/div> \n\n\t<div  class=\"vc_col-sm-6 wpb_column column_container vc_column_container col child_column no-extra-padding column_element_direction_desktop_horizontal column_element_direction_tablet_horizontal column_element_direction_phone_horizontal el_spacing_20px inherit_tablet inherit_phone\"   data-padding-pos=\"all\" data-has-bg-color=\"false\" data-bg-color=\"\" data-bg-opacity=\"1\" data-animation=\"\" data-delay=\"0\" >\n\t\t<div class=\"vc_column-inner\" >\n\t\t<div class=\"wpb_wrapper\">\n\t\t\t<div class=\"nectar-animated-shape width_desktop_12vw\"><div class=\"nectar-animated-shape__inner_wrap nectar-waypoint-el\" data-nectar-waypoint-el-delay=\"100\" data-easing=\"default\" data-animation=\"grow-in\"><div class=\"nectar-animated-shape__inner\"><svg xmlns=\"http:\/\/www.w3.org\/2000\/svg\" viewbox=\"0 0 100 100\" width=\"100\" height=\"100\" preserveaspectratio=\"xMidYMid meet\" style=\"width: 100%; height: 100%; overflow: hidden;\"><circle cx=\"50\" cy=\"50\" r=\"50\" fill=\"#ffbacd\" \/><\/svg><\/div><\/div><\/div><div class=\"nectar-animated-shape width_desktop_12vw\"><div class=\"nectar-animated-shape__inner_wrap nectar-waypoint-el\" data-nectar-waypoint-el-delay=\"300\" data-easing=\"default\" data-animation=\"grow-in\"><div class=\"nectar-animated-shape__inner\"><svg xmlns=\"http:\/\/www.w3.org\/2000\/svg\" viewbox=\"0 0 100 100\" width=\"100\" height=\"100\" preserveaspectratio=\"xMidYMid meet\" style=\"width: 100%; height: 100%; overflow: hidden;\"><circle cx=\"50\" cy=\"50\" r=\"50\" fill=\"#ffbacd\" \/><\/svg><\/div><\/div><\/div><div class=\"nectar-animated-shape width_desktop_12vw\"><div class=\"nectar-animated-shape__inner_wrap nectar-waypoint-el\" data-nectar-waypoint-el-delay=\"600\" data-easing=\"default\" data-animation=\"grow-in\"><div class=\"nectar-animated-shape__inner\"><svg xmlns=\"http:\/\/www.w3.org\/2000\/svg\" viewbox=\"0 0 100 100\" width=\"100\" height=\"100\" preserveaspectratio=\"xMidYMid meet\" style=\"width: 100%; height: 100%; overflow: hidden;\"><circle cx=\"50\" cy=\"50\" r=\"50\" fill=\"#ffbacd\" \/><\/svg><\/div><\/div><\/div>\n\t\t<\/div> \n\t<\/div>\n\t<\/div> \n\n\t<div  class=\"vc_col-sm-3 wpb_column column_container vc_column_container col child_column no-extra-padding inherit_tablet inherit_phone\"   data-padding-pos=\"all\" data-has-bg-color=\"false\" data-bg-color=\"\" data-bg-opacity=\"1\" data-animation=\"\" data-delay=\"0\" >\n\t\t<div class=\"vc_column-inner\" >\n\t\t<div class=\"wpb_wrapper\">\n\t\t\t\n\t\t<\/div> \n\t<\/div>\n\t<\/div> \n<\/div><\/div><div class=\"nectar-split-heading  font_size_5-6vw font_size_tablet_9vw font_size_phone_12vw font_line_height_1-2\" data-align=\"default\" data-m-align=\"inherit\" data-text-effect=\"letter-reveal-bottom\" data-animation-type=\"line-reveal-by-space\" data-animation-delay=\"0\" data-animation-offset=\"\" data-m-rm-animation=\"\" data-stagger=\"\" data-custom-font-size=\"true\" style=\"font-size: 5.6vw; line-height: 6.16vw;\"><h1 >Precios<\/h1><\/div><div id=\"fws_69f4bc15a6863\" data-midnight=\"\" data-column-margin=\"default\" class=\"wpb_row vc_row-fluid vc_row inner_row\"  style=\"padding-top: 2%; padding-bottom: 5%; \"><div class=\"row-bg-wrap\"> <div class=\"row-bg\" ><\/div> <\/div><div class=\"row_col_wrap_12_inner col span_12  left\">\n\t<div  class=\"vc_col-sm-12 wpb_column column_container vc_column_container col child_column padding-2-percent inherit_tablet inherit_phone\"   data-border-radius=\"20px\" data-border-animation=\"\" data-border-animation-delay=\"\" data-border-width=\"1px\" data-border-style=\"solid\" data-border-color=\"#ffbacd\" data-padding-pos=\"all\" data-has-bg-color=\"false\" data-bg-color=\"\" data-bg-opacity=\"1\" data-animation=\"\" data-delay=\"0\" >\n\t\t<div class=\"vc_column-inner\" style=\"border: 1px solid #ffbacd;\">\n\t\t<div class=\"wpb_wrapper\">\n\t\t\t\n<div class=\"wpb_text_column wpb_content_element\" >\n\t<div class=\"wpb_wrapper\">\n\t\t<h2 style=\"text-align: center;\">Clases normales<\/h2>\n\t<\/div>\n<\/div>\n\n\n\n<div class=\"nectar-hor-list-item\" data-hover-effect=\"full_border\" data-br=\"15px\" data-font-family=\"p\" data-color=\"accent-color\" data-columns=\"3\" data-column-layout=\"even\"><div class=\"nectar-list-item\" data-icon=\"false\" data-text-align=\"left\"><h4>Pilates<\/h4><\/div><div class=\"nectar-list-item\" data-text-align=\"left\"><h4>1 \/ 2 \/ 3 Clases a la semana<\/h4><\/div><div class=\"nectar-list-item\" data-text-align=\"right\"><h4>38\u20ac \/ 55\u20ac \/ 68\u20ac<\/h4><\/div><\/div><div class=\"nectar-hor-list-item\" data-hover-effect=\"full_border\" data-br=\"15px\" data-font-family=\"p\" data-color=\"accent-color\" data-columns=\"3\" data-column-layout=\"even\"><div class=\"nectar-list-item\" data-icon=\"false\" data-text-align=\"left\"><h4>AeroMelic<\/h4><\/div><div class=\"nectar-list-item\" data-text-align=\"left\"><h4>1 Clase a la semana<\/h4><\/div><div class=\"nectar-list-item\" data-text-align=\"right\"><h4>40\u20ac<\/h4><\/div><\/div><div class=\"nectar-hor-list-item\" data-hover-effect=\"full_border\" data-br=\"15px\" data-font-family=\"p\" data-color=\"accent-color\" data-columns=\"3\" data-column-layout=\"even\"><div class=\"nectar-list-item\" data-icon=\"false\" data-text-align=\"left\"><h4>Pilates Embarazadas<\/h4><\/div><div class=\"nectar-list-item\" data-text-align=\"left\"><h4>1 \/ 2 Clases a la semana<\/h4><\/div><div class=\"nectar-list-item\" data-text-align=\"right\"><h4>40\u20ac \/ 58\u20ac<\/h4><\/div><\/div><div class=\"nectar-hor-list-item\" data-hover-effect=\"full_border\" data-br=\"15px\" data-font-family=\"p\" data-color=\"accent-color\" data-columns=\"3\" data-column-layout=\"even\"><div class=\"nectar-list-item\" data-icon=\"false\" data-text-align=\"left\"><h4>Recuperaci\u00f3n suelo p\u00e9lvico<\/h4><\/div><div class=\"nectar-list-item\" data-text-align=\"left\"><h4>1 \/ 2 Clases a la semana<\/h4><\/div><div class=\"nectar-list-item\" data-text-align=\"right\"><h4>55\u20ac \/ 80\u20ac<\/h4><\/div><\/div><div class=\"nectar-hor-list-item\" data-hover-effect=\"full_border\" data-br=\"15px\" data-font-family=\"p\" data-color=\"accent-color\" data-columns=\"3\" data-column-layout=\"even\"><div class=\"nectar-list-item\" data-icon=\"false\" data-text-align=\"left\"><h4>Pilates Mov. Reducida<\/h4><\/div><div class=\"nectar-list-item\" data-text-align=\"left\"><h4>1 \/ 2 Clases a la semana<\/h4><\/div><div class=\"nectar-list-item\" data-text-align=\"right\"><h4>25\u20ac \/ 35\u20ac<\/h4><\/div><\/div>\n\t\t<\/div> \n\t<\/div>\n\t<\/div> \n<\/div><\/div><div id=\"fws_69f4bc15a70a7\" data-midnight=\"\" data-column-margin=\"default\" class=\"wpb_row vc_row-fluid vc_row inner_row\"  style=\"padding-top: 2%; \"><div class=\"row-bg-wrap\"> <div class=\"row-bg\" ><\/div> <\/div><div class=\"row_col_wrap_12_inner col span_12  left\">\n\t<div  class=\"vc_col-sm-12 wpb_column column_container vc_column_container col child_column padding-2-percent inherit_tablet inherit_phone\"   data-border-radius=\"20px\" data-border-animation=\"\" data-border-animation-delay=\"\" data-border-width=\"1px\" data-border-style=\"solid\" data-border-color=\"#00b689\" data-padding-pos=\"all\" data-has-bg-color=\"false\" data-bg-color=\"\" data-bg-opacity=\"1\" data-animation=\"\" data-delay=\"0\" >\n\t\t<div class=\"vc_column-inner\" style=\"border: 1px solid #00b689;\">\n\t\t<div class=\"wpb_wrapper\">\n\t\t\t\n<div class=\"wpb_text_column wpb_content_element\" >\n\t<div class=\"wpb_wrapper\">\n\t\t<h2 style=\"text-align: center;\">Bonos mensuales<\/h2>\n\t<\/div>\n<\/div>\n\n\n\n<div class=\"nectar-hor-list-item\" data-hover-effect=\"full_border\" data-br=\"15px\" data-font-family=\"p\" data-color=\"accent-color\" data-columns=\"3\" data-column-layout=\"even\"><div class=\"nectar-list-item\" data-icon=\"false\" data-text-align=\"left\"><h4>Pilates + AeroMelic<\/h4><\/div><div class=\"nectar-list-item\" data-text-align=\"left\"><h4>1 Pilates + 1 AeroMelic \/ 2 Pilates + 1 AeroMelic<\/h4><\/div><div class=\"nectar-list-item\" data-text-align=\"right\"><h4>60\u20ac \/ 70\u20ac<\/h4><\/div><\/div><div class=\"nectar-hor-list-item\" data-hover-effect=\"full_border\" data-br=\"15px\" data-font-family=\"p\" data-color=\"accent-color\" data-columns=\"3\" data-column-layout=\"even\"><div class=\"nectar-list-item\" data-icon=\"false\" data-text-align=\"left\"><h4>Pilates Mam\u00e1 y Beb\u00e9 + Suelo P\u00e9lvico<\/h4><\/div><div class=\"nectar-list-item\" data-text-align=\"left\"><h4>1 Pilates Mam\u00e1 y Beb\u00e9 \/ 1 Suelo P\u00e9lvico<\/h4><\/div><div class=\"nectar-list-item\" data-text-align=\"right\"><h4>70\u20ac<\/h4><\/div><\/div><div class=\"nectar-hor-list-item\" data-hover-effect=\"full_border\" data-br=\"15px\" data-font-family=\"p\" data-color=\"accent-color\" data-columns=\"3\" data-column-layout=\"even\"><div class=\"nectar-list-item\" data-icon=\"false\" data-text-align=\"left\"><h4>Pilates + Suelo P\u00e9lvico<\/h4><\/div><div class=\"nectar-list-item\" data-text-align=\"left\"><h4>1 Pilates + 1 Suelo P\u00e9lvico \/ 2 Pilates + 1 Suelo P\u00e9lvico<\/h4><\/div><div class=\"nectar-list-item\" data-text-align=\"right\"><h4>65\u20ac \/ 85\u20ac<\/h4><\/div><\/div>\n\t\t<\/div> \n\t<\/div>\n\t<\/div> \n<\/div><\/div><div id=\"fws_69f4bc15a762d\" data-midnight=\"\" data-column-margin=\"30px\" class=\"wpb_row vc_row-fluid vc_row inner_row\"  style=\"padding-top: 2%; \"><div class=\"row-bg-wrap\"> <div class=\"row-bg\" ><\/div> <\/div><div class=\"row_col_wrap_12_inner col span_12  left\">\n\t<div  class=\"vc_col-sm-6 wpb_column column_container vc_column_container col child_column no-extra-padding inherit_tablet inherit_phone\"   data-border-radius=\"20px\" data-padding-pos=\"all\" data-has-bg-color=\"false\" data-bg-color=\"\" data-bg-opacity=\"1\" data-animation=\"\" data-delay=\"0\" >\n\t\t<div class=\"vc_column-inner\" >\n\t\t<div class=\"wpb_wrapper\">\n\t\t\t<div class=\"nectar-hor-list-item\" data-hover-effect=\"full_border\" data-br=\"15px\" data-font-family=\"p\" data-color=\"accent-color\" data-columns=\"2\" data-column-layout=\"even\"><div class=\"nectar-list-item\" data-icon=\"false\" data-text-align=\"left\"><h4>Matr\u00edcula<\/h4><\/div><div class=\"nectar-list-item\" data-text-align=\"left\"><h4>30\u20ac<\/h4><\/div><\/div>\n\t\t<\/div> \n\t<\/div>\n\t<\/div> \n\n\t<div  class=\"vc_col-sm-6 wpb_column column_container vc_column_container col child_column no-extra-padding inherit_tablet inherit_phone\"   data-padding-pos=\"all\" data-has-bg-color=\"false\" data-bg-color=\"\" data-bg-opacity=\"1\" data-animation=\"\" data-delay=\"0\" >\n\t\t<div class=\"vc_column-inner\" >\n\t\t<div class=\"wpb_wrapper\">\n\t\t\t<div class=\"nectar-hor-list-item\" data-hover-effect=\"full_border\" data-br=\"15px\" data-font-family=\"p\" data-color=\"accent-color\" data-columns=\"2\" data-column-layout=\"even\"><div class=\"nectar-list-item\" data-icon=\"false\" data-text-align=\"left\"><h4>Clase suelta<\/h4><\/div><div class=\"nectar-list-item\" data-text-align=\"left\"><h4>12\u20ac<\/h4><\/div><\/div>\n\t\t<\/div> \n\t<\/div>\n\t<\/div> \n<\/div><\/div><div id=\"fws_69f4bc15a7a9c\" data-midnight=\"\" data-column-margin=\"default\" class=\"wpb_row vc_row-fluid vc_row inner_row\"  style=\"padding-top: 2%; \"><div class=\"row-bg-wrap\"> <div class=\"row-bg\" ><\/div> <\/div><div class=\"row_col_wrap_12_inner col span_12  left\">\n\t<div  class=\"vc_col-sm-12 wpb_column column_container vc_column_container col child_column padding-2-percent inherit_tablet inherit_phone\"   data-border-radius=\"20px\" data-border-animation=\"\" data-border-animation-delay=\"\" data-border-width=\"1px\" data-border-style=\"solid\" data-border-color=\"#00b689\" data-padding-pos=\"all\" data-has-bg-color=\"false\" data-bg-color=\"\" data-bg-opacity=\"1\" data-animation=\"\" data-delay=\"0\" >\n\t\t<div class=\"vc_column-inner\" style=\"border: 1px solid #00b689;\">\n\t\t<div class=\"wpb_wrapper\">\n\t\t\t\n<div class=\"wpb_text_column wpb_content_element\" >\n\t<div class=\"wpb_wrapper\">\n\t\t<h2 style=\"text-align: center;\">Bonos fisioterapia<\/h2>\n\t<\/div>\n<\/div>\n\n\n\n<div class=\"nectar-hor-list-item\" data-hover-effect=\"full_border\" data-br=\"15px\" data-font-family=\"p\" data-color=\"accent-color\" data-columns=\"3\" data-column-layout=\"even\"><div class=\"nectar-list-item\" data-icon=\"false\" data-text-align=\"left\"><h4>Fisioterapia<\/h4><\/div><div class=\"nectar-list-item\" data-text-align=\"left\"><h4>1 Sesi\u00f3n \/ 4 Sesiones<\/h4><\/div><div class=\"nectar-list-item\" data-text-align=\"right\"><h4>40\u20ac \/ 150\u20ac<\/h4><\/div><\/div><div class=\"nectar-hor-list-item\" data-hover-effect=\"full_border\" data-br=\"15px\" data-font-family=\"p\" data-color=\"accent-color\" data-columns=\"3\" data-column-layout=\"even\"><div class=\"nectar-list-item\" data-icon=\"false\" data-text-align=\"left\"><h4>Valoraci\u00f3n Suelo P\u00e9lvico<\/h4><\/div><div class=\"nectar-list-item\" data-text-align=\"left\"><h4>1 Sesi\u00f3n<\/h4><\/div><div class=\"nectar-list-item\" data-text-align=\"right\"><h4>55\u20ac<\/h4><\/div><\/div><div class=\"nectar-hor-list-item\" data-hover-effect=\"full_border\" data-br=\"15px\" data-font-family=\"p\" data-color=\"accent-color\" data-columns=\"3\" data-column-layout=\"even\"><div class=\"nectar-list-item\" data-icon=\"false\" data-text-align=\"left\"><h4>Tratamiento Suelo P\u00e9lvico<\/h4><\/div><div class=\"nectar-list-item\" data-text-align=\"left\"><h4>1 Sesi\u00f3n<\/h4><\/div><div class=\"nectar-list-item\" data-text-align=\"right\"><h4>45\u20ac<\/h4><\/div><\/div><div class=\"nectar-hor-list-item\" data-hover-effect=\"full_border\" data-br=\"15px\" data-font-family=\"p\" data-color=\"accent-color\" data-columns=\"3\" data-column-layout=\"even\"><div class=\"nectar-list-item\" data-icon=\"false\" data-text-align=\"left\"><h4>Fisioterapia Suelo P\u00e9lvico<\/h4><\/div><div class=\"nectar-list-item\" data-text-align=\"left\"><h4>5 Sesiones<\/h4><\/div><div class=\"nectar-list-item\" data-text-align=\"right\"><h4>210\u20ac<\/h4><\/div><\/div>\n\t\t<\/div> \n\t<\/div>\n\t<\/div> \n<\/div><\/div><div id=\"fws_69f4bc15a80d6\" data-midnight=\"\" data-column-margin=\"default\" class=\"wpb_row vc_row-fluid vc_row inner_row\"  style=\"padding-top: 2%; \"><div class=\"row-bg-wrap\"> <div class=\"row-bg\" ><\/div> <\/div><div class=\"row_col_wrap_12_inner col span_12  left\">\n\t<div  class=\"vc_col-sm-12 wpb_column column_container vc_column_container col child_column padding-2-percent inherit_tablet inherit_phone\"   data-border-radius=\"20px\" data-border-animation=\"\" data-border-animation-delay=\"\" data-border-width=\"1px\" data-border-style=\"solid\" data-border-color=\"#00b689\" data-padding-pos=\"all\" data-has-bg-color=\"false\" data-bg-color=\"\" data-bg-opacity=\"1\" data-animation=\"\" data-delay=\"0\" >\n\t\t<div class=\"vc_column-inner\" style=\"border: 1px solid #00b689;\">\n\t\t<div class=\"wpb_wrapper\">\n\t\t\t\n<div class=\"wpb_text_column wpb_content_element\" >\n\t<div class=\"wpb_wrapper\">\n\t\t<h2 style=\"text-align: center;\">Bonos Suelo P\u00e9lvico<\/h2>\n\t<\/div>\n<\/div>\n\n\n\n<div class=\"nectar-hor-list-item\" data-hover-effect=\"full_border\" data-br=\"15px\" data-font-family=\"p\" data-color=\"accent-color\" data-columns=\"3\" data-column-layout=\"even\"><div class=\"nectar-list-item\" data-icon=\"false\" data-text-align=\"left\"><h4>Tratamiento Suelo P\u00e9lvico Completo<\/h4><\/div><div class=\"nectar-list-item\" data-text-align=\"left\"><h4>1 Clase a la semana (durante 3 meses) + 6 Sesiones de fisioterapia (2 al mes)<\/h4><\/div><div class=\"nectar-list-item\" data-text-align=\"right\"><h4>390\u20ac<\/h4><\/div><\/div><div class=\"nectar-hor-list-item\" data-hover-effect=\"full_border\" data-br=\"15px\" data-font-family=\"p\" data-color=\"accent-color\" data-columns=\"3\" data-column-layout=\"even\"><div class=\"nectar-list-item\" data-icon=\"false\" data-text-align=\"left\"><h4>Bono \"Cuido mi Suelo P\u00e9lvico\"<\/h4><\/div><div class=\"nectar-list-item\" data-text-align=\"left\"><h4>1 Sesi\u00f3n valoraci\u00f3n (con nuestra fisio) + 1 Clase a la semana de Suelo P\u00e9lvico (durante 1 mes)<\/h4><\/div><div class=\"nectar-list-item\" data-text-align=\"right\"><h4>100\u20ac<\/h4><\/div><\/div>\n\t\t<\/div> \n\t<\/div>\n\t<\/div> \n<\/div><\/div>\n\t\t\t<\/div> \n\t\t<\/div>\n\t<\/div> \n<\/div><\/div>","protected":false},"excerpt":{"rendered":"Horarios Precios Clases normales Pilates1 \/ 2 \/ 3 Clases a la semana38\u20ac \/ 55\u20ac \/ 68\u20acAeroMelic1 Clase a la semana40\u20acPilates Embarazadas1 \/ 2 Clases a la semana40\u20ac \/ 58\u20acRecuperaci\u00f3n...","protected":false},"author":1,"featured_media":0,"parent":0,"menu_order":0,"comment_status":"closed","ping_status":"closed","template":"","meta":{"footnotes":""},"class_list":["post-321","page","type-page","status-publish"],"_links":{"self":[{"href":"https:\/\/estudiomelic.es\/en\/wp-json\/wp\/v2\/pages\/321","targetHints":{"allow":["GET"]}}],"collection":[{"href":"https:\/\/estudiomelic.es\/en\/wp-json\/wp\/v2\/pages"}],"about":[{"href":"https:\/\/estudiomelic.es\/en\/wp-json\/wp\/v2\/types\/page"}],"author":[{"embeddable":true,"href":"https:\/\/estudiomelic.es\/en\/wp-json\/wp\/v2\/users\/1"}],"replies":[{"embeddable":true,"href":"https:\/\/estudiomelic.es\/en\/wp-json\/wp\/v2\/comments?post=321"}],"version-history":[{"count":26,"href":"https:\/\/estudiomelic.es\/en\/wp-json\/wp\/v2\/pages\/321\/revisions"}],"predecessor-version":[{"id":899,"href":"https:\/\/estudiomelic.es\/en\/wp-json\/wp\/v2\/pages\/321\/revisions\/899"}],"wp:attachment":[{"href":"https:\/\/estudiomelic.es\/en\/wp-json\/wp\/v2\/media?parent=321"}],"curies":[{"name":"wp","href":"https:\/\/api.w.org\/{rel}","templated":true}]}}